{"id":194,"date":"2015-06-24T15:26:15","date_gmt":"2015-06-24T15:26:15","guid":{"rendered":"http:\/\/cieloenpaz.com\/wp\/?page_id=2"},"modified":"2021-08-04T16:51:58","modified_gmt":"2021-08-04T16:51:58","slug":"sample-page-2","status":"publish","type":"page","link":"https:\/\/qyr.com.mx\/","title":{"rendered":"Quienes Somos"},"content":{"rendered":"<p><img loading=\"lazy\" class=\" wp-image-639 aligncenter\" src=\"http:\/\/qyr.com.mx\/wp-content\/uploads\/2021\/08\/222550725_969921843784037_8900748493991617406_n-300x169.jpg\" alt=\"\" width=\"617\" height=\"348\" srcset=\"https:\/\/qyr.com.mx\/wp-content\/uploads\/2021\/08\/222550725_969921843784037_8900748493991617406_n-300x169.jpg 300w, https:\/\/qyr.com.mx\/wp-content\/uploads\/2021\/08\/222550725_969921843784037_8900748493991617406_n-1024x576.jpg 1024w, https:\/\/qyr.com.mx\/wp-content\/uploads\/2021\/08\/222550725_969921843784037_8900748493991617406_n-768x432.jpg 768w, https:\/\/qyr.com.mx\/wp-content\/uploads\/2021\/08\/222550725_969921843784037_8900748493991617406_n-1536x864.jpg 1536w, https:\/\/qyr.com.mx\/wp-content\/uploads\/2021\/08\/222550725_969921843784037_8900748493991617406_n-50x28.jpg 50w, https:\/\/qyr.com.mx\/wp-content\/uploads\/2021\/08\/222550725_969921843784037_8900748493991617406_n-400x225.jpg 400w, https:\/\/qyr.com.mx\/wp-content\/uploads\/2021\/08\/222550725_969921843784037_8900748493991617406_n.jpg 2048w\" sizes=\"(max-width: 617px) 100vw, 617px\" \/><\/p>\n<p><strong>QUINZA\u00d1OS, RODRIGUEZ Y CIA SC<\/strong> es una firma mexicana fundada en 1987 para prestar servicios a empresarios, a Compa\u00f1\u00edas o Entidades del Sector P\u00fablico y Privado, as\u00ed como a inversionistas, Empresarios, y gerentes de negocios de la comunidad en La Rep\u00fablica Mexicana.<\/p>\n<p>Principalmente como resultado de la combinaci\u00f3n de est\u00e1ndares de calidad y experiencia de los socios de la Firma, que han prestado sus servicios por m\u00e1s de 25 a\u00f1os. El Despacho <strong>QUINZA\u00d1OS, RODRIGUEZ Y CIA SC<\/strong> disfruta de un prestigio considerable dentro del \u00e1mbito en que se desarrolla.<\/p>\n<p>El objetivo b\u00e1sico de la Firma es el de proveer la m\u00e1s alta calidad de servicios para satisfacer las necesidades espec\u00edficas y c\u00edvicas de cada uno de sus clientes y ayudarles a resolver sus problemas con los que se enfrentan.<\/p>\n<p>Cada d\u00eda m\u00e1s y m\u00e1s, las Empresas en M\u00e9xico, se preocupan por cumplir correctamente con sus obligaciones fiscales, tener su contabilidad al d\u00eda, administrar correctamente su Empresa, que se les asesore financieramente, etc., pero la \u00e9poca actual no se los permite.<\/p>\n<p>\u00bfC\u00f3mo poder cumplir adecuadamente con todo lo anterior? Es la pregunta que se hacen la mayor\u00eda de las Empresas.<\/p>\n<p><strong>QUINZA\u00d1OS, RODRIGUEZ Y CIA SC<\/strong> tiene la respuesta a sus necesidades, contamos con la tecnolog\u00eda y la experiencia en el desarrollo de estrategias fiscales, as\u00ed como asesor\u00edas financieras, contables, administrativas y auditor\u00edas fiscales, financieras, del seguro social y tesorer\u00eda del D.F.<\/p>\n<p>Trabajamos conjuntamente con usted en el trazo de sus estrategias a corto, mediano y largo plazo, cumpliendo con los objetivos y metas Empresariales.<\/p>\n<p>Tels. 5577-2759, con 5 l\u00edneas<\/p>\n<p>mail: <a href=\"mailto:quinro@prodigy.net.mx\">alfredo@qyr.com.mx<\/a><\/p>\n<p><!--?php pvc_stats( $postid, 1 ); ?--><\/p>\n<p><!--?php pvc_stats( $postid, 0 ); ?--><\/p>\n<div class=\"pvc_clear\"><\/div>\n<p id=\"pvc_stats_194\" class=\"pvc_stats all  \" data-element-id=\"194\" style=\"\"><i class=\"pvc-stats-icon medium\" aria-hidden=\"true\"><svg aria-hidden=\"true\" focusable=\"false\" data-prefix=\"far\" data-icon=\"chart-bar\" role=\"img\" xmlns=\"http:\/\/www.w3.org\/2000\/svg\" viewBox=\"0 0 512 512\" class=\"svg-inline--fa fa-chart-bar fa-w-16 fa-2x\"><path fill=\"currentColor\" d=\"M396.8 352h22.4c6.4 0 12.8-6.4 12.8-12.8V108.8c0-6.4-6.4-12.8-12.8-12.8h-22.4c-6.4 0-12.8 6.4-12.8 12.8v230.4c0 6.4 6.4 12.8 12.8 12.8zm-192 0h22.4c6.4 0 12.8-6.4 12.8-12.8V140.8c0-6.4-6.4-12.8-12.8-12.8h-22.4c-6.4 0-12.8 6.4-12.8 12.8v198.4c0 6.4 6.4 12.8 12.8 12.8zm96 0h22.4c6.4 0 12.8-6.4 12.8-12.8V204.8c0-6.4-6.4-12.8-12.8-12.8h-22.4c-6.4 0-12.8 6.4-12.8 12.8v134.4c0 6.4 6.4 12.8 12.8 12.8zM496 400H48V80c0-8.84-7.16-16-16-16H16C7.16 64 0 71.16 0 80v336c0 17.67 14.33 32 32 32h464c8.84 0 16-7.16 16-16v-16c0-8.84-7.16-16-16-16zm-387.2-48h22.4c6.4 0 12.8-6.4 12.8-12.8v-70.4c0-6.4-6.4-12.8-12.8-12.8h-22.4c-6.4 0-12.8 6.4-12.8 12.8v70.4c0 6.4 6.4 12.8 12.8 12.8z\" class=\"\"><\/path><\/svg><\/i> <img loading=\"lazy\" width=\"16\" height=\"16\" alt=\"Loading\" src=\"https:\/\/qyr.com.mx\/wp-content\/plugins\/page-views-count\/ajax-loader-2x.gif\" border=0 \/><\/p>\n<div class=\"pvc_clear\"><\/div>\n","protected":false},"excerpt":{"rendered":"<p>QUINZA\u00d1OS, RODRIGUEZ Y CIA SC es una firma mexicana fundada en 1987 para prestar servicios a empresarios, a Compa\u00f1\u00edas o Entidades del Sector P\u00fablico y Privado, as\u00ed como a inversionistas, Empresarios, y gerentes de negocios de la comunidad en La Rep\u00fablica Mexicana. Principalmente como resultado de la combinaci\u00f3n de est\u00e1ndares de calidad y experiencia de &hellip; <a href=\"https:\/\/qyr.com.mx\/\" class=\"more-link\">Seguir leyendo <span class=\"screen-reader-text\">Quienes Somos<\/span> <span class=\"meta-nav\">&rarr;<\/span><\/a><\/p>\n<div class=\"pvc_clear\"><\/div>\n<p id=\"pvc_stats_194\" class=\"pvc_stats all  \" data-element-id=\"194\" style=\"\"><i class=\"pvc-stats-icon medium\" aria-hidden=\"true\"><svg aria-hidden=\"true\" focusable=\"false\" data-prefix=\"far\" data-icon=\"chart-bar\" role=\"img\" xmlns=\"http:\/\/www.w3.org\/2000\/svg\" viewBox=\"0 0 512 512\" class=\"svg-inline--fa fa-chart-bar fa-w-16 fa-2x\"><path fill=\"currentColor\" d=\"M396.8 352h22.4c6.4 0 12.8-6.4 12.8-12.8V108.8c0-6.4-6.4-12.8-12.8-12.8h-22.4c-6.4 0-12.8 6.4-12.8 12.8v230.4c0 6.4 6.4 12.8 12.8 12.8zm-192 0h22.4c6.4 0 12.8-6.4 12.8-12.8V140.8c0-6.4-6.4-12.8-12.8-12.8h-22.4c-6.4 0-12.8 6.4-12.8 12.8v198.4c0 6.4 6.4 12.8 12.8 12.8zm96 0h22.4c6.4 0 12.8-6.4 12.8-12.8V204.8c0-6.4-6.4-12.8-12.8-12.8h-22.4c-6.4 0-12.8 6.4-12.8 12.8v134.4c0 6.4 6.4 12.8 12.8 12.8zM496 400H48V80c0-8.84-7.16-16-16-16H16C7.16 64 0 71.16 0 80v336c0 17.67 14.33 32 32 32h464c8.84 0 16-7.16 16-16v-16c0-8.84-7.16-16-16-16zm-387.2-48h22.4c6.4 0 12.8-6.4 12.8-12.8v-70.4c0-6.4-6.4-12.8-12.8-12.8h-22.4c-6.4 0-12.8 6.4-12.8 12.8v70.4c0 6.4 6.4 12.8 12.8 12.8z\" class=\"\"><\/path><\/svg><\/i> <img loading=\"lazy\" width=\"16\" height=\"16\" alt=\"Loading\" src=\"https:\/\/qyr.com.mx\/wp-content\/plugins\/page-views-count\/ajax-loader-2x.gif\" border=0 \/><\/p>\n<div class=\"pvc_clear\"><\/div>\n","protected":false},"author":1,"featured_media":0,"parent":0,"menu_order":0,"comment_status":"open","ping_status":"closed","template":"","meta":[],"wppr_data":{"cwp_meta_box_check":"No","cwp_rev_product_name":"","cwp_rev_product_image":"","cwp_image_link":"image","cwp_rev_price":""},"_links":{"self":[{"href":"https:\/\/qyr.com.mx\/index.php\/wp-json\/wp\/v2\/pages\/194"}],"collection":[{"href":"https:\/\/qyr.com.mx\/index.php\/wp-json\/wp\/v2\/pages"}],"about":[{"href":"https:\/\/qyr.com.mx\/index.php\/wp-json\/wp\/v2\/types\/page"}],"author":[{"embeddable":true,"href":"https:\/\/qyr.com.mx\/index.php\/wp-json\/wp\/v2\/users\/1"}],"replies":[{"embeddable":true,"href":"https:\/\/qyr.com.mx\/index.php\/wp-json\/wp\/v2\/comments?post=194"}],"version-history":[{"count":4,"href":"https:\/\/qyr.com.mx\/index.php\/wp-json\/wp\/v2\/pages\/194\/revisions"}],"predecessor-version":[{"id":641,"href":"https:\/\/qyr.com.mx\/index.php\/wp-json\/wp\/v2\/pages\/194\/revisions\/641"}],"wp:attachment":[{"href":"https:\/\/qyr.com.mx\/index.php\/wp-json\/wp\/v2\/media?parent=194"}],"curies":[{"name":"wp","href":"https:\/\/api.w.org\/{rel}","templated":true}]}}